{"id":1221,"date":"2023-06-21T21:28:11","date_gmt":"2023-06-21T19:28:11","guid":{"rendered":"https:\/\/plazowka.theworkssalon.ie\/?page_id=1221"},"modified":"2024-08-26T20:04:27","modified_gmt":"2024-08-26T18:04:27","slug":"strona-glowna-4","status":"publish","type":"page","link":"https:\/\/plazowka.theworkssalon.ie\/","title":{"rendered":"Strona g\u0142\u00f3wna"},"content":{"rendered":"\n    \n    <section class=\"u-clearfix u-image u-shading u-section-2\" id=\"sec-279e\" data-image-width=\"1600\" data-image-height=\"901\" style=\"background-image: linear-gradient(0deg, rgba(51, 51, 41, 0.45), rgba(51, 51, 41, 0.45)), url(&quot;https:\/\/plazowka.theworkssalon.ie\/wp-content\/uploads\/2023\/06\/WhatsAppImage2023-03-09at09.30.20-1.jpeg&quot;);\">\n      <div class=\"u-clearfix u-sheet u-sheet-1\">\n        <div class=\"u-align-center u-container-style u-group u-group-1\">\n          <div class=\"u-container-layout u-container-layout-1\">\n            <h1 class=\"u-custom-font u-font-raleway u-text u-title u-text-1\"> Domki w lesie na Roztoczu<br>\n            <\/h1>\n            <p class=\"u-custom-font u-font-arial u-text u-text-2\"> Prawdziwy wypoczynek w otoczeniu natury<\/p>\n            <div class=\"u-clearfix u-custom-html u-custom-html-1\">\n              <script src=\"https:\/\/panel.hotres.pl\/public\/api\/hotres_v4_chooser.js\"><\/script>\n              <form action=\"https:\/\/panel.hotres.pl\/v4_step1\" target=\"_blank\" class=\"hotresChooser\" id=\"hotresChooser\" method=\"get\">\n                <input type=\"hidden\" name=\"oid\" id=\"hotresOid\" value=\"3497\">\n                <input type=\"hidden\" name=\"lang\" id=\"hotresLang\" value=\"\">\n                <input type=\"hidden\" name=\"arrival\" id=\"hotresArrival\">\n                <input type=\"hidden\" name=\"departure\" id=\"hotresDeparture\">\n                <div class=\"hotresRangeChooser\" id=\"hotresRangeChooser\">\n                  <div id=\"hotresArrivalWrap\"><\/div>\n                  <div id=\"hotresDepartureWrap\"><\/div>\n                <\/div>\n                <div class=\"hotresAdultsChooser\" id=\"hotresAdultsChooser\">\n                  <select name=\"adults\" id=\"hotresAdultsSelect\"><\/select>\n                <\/div>\n                <div class=\"hotresSubmit\">\n                  <button id=\"hotresButtonChooser\"><\/button>\n                <\/div>\n              <\/form>\n              <script> window.addEventListener('load', (event) => { new hotresChooser({'maxAdults':10});}); <\/script>\n              <style> #hotresArrivalWrap, #hotresDepartureWrap,.hotresAdultsChooser{\n\tcolor:#000;\n\t}\n\t\n\t.hotresSubmit button {\n    background: #333333;\n}\n\t.hotresSubmit button:hover {\n    background: #434343;\n} <\/style>\n            <\/div>\n          <\/div>\n        <\/div>\n      <\/div>\n    <\/section>\n    <section class=\"u-clearfix u-grey-5 u-section-3\" id=\"sec-5339\">\n      <div class=\"u-clearfix u-sheet u-sheet-1\">\n        <div class=\"u-clearfix u-expanded-width-lg u-expanded-width-md u-expanded-width-xl u-expanded-width-xs u-layout-wrap u-layout-wrap-1\">\n          <div class=\"u-layout\">\n            <div class=\"u-layout-row\">\n              <div class=\"u-align-center u-container-style u-layout-cell u-left-cell u-size-20 u-layout-cell-1\">\n                <div class=\"u-container-layout u-container-layout-1\"><span class=\"u-file-icon u-grey-80 u-icon u-icon-circle u-text-white u-icon-1\"><img decoding=\"async\" src=\"https:\/\/plazowka.theworkssalon.ie\/wp-content\/uploads\/2023\/06\/18d97356-1.png\" alt=\"\"><\/span>\n                  <h3 class=\"u-custom-font u-font-raleway u-text u-text-1\"> KOMFORT<\/h3>\n                  <p class=\"u-text u-text-custom-color-2 u-text-2\"> Do dyspozycji mamy dwa domki o wysokim standardzie w pe\u0142ni wyposa\u017cone oraz stref\u0119 relaksu z saun\u0105 i bali\u0105.<\/p>\n                <\/div>\n              <\/div>\n              <div class=\"u-align-center u-container-style u-layout-cell u-size-20 u-layout-cell-2\">\n                <div class=\"u-container-layout u-container-layout-2\"><span class=\"u-file-icon u-grey-80 u-icon u-icon-circle u-icon-2\"><img decoding=\"async\" src=\"https:\/\/plazowka.theworkssalon.ie\/wp-content\/uploads\/2023\/06\/819865-5e373ceb-1.png\" alt=\"\"><\/span>\n                  <h3 class=\"u-custom-font u-font-raleway u-text u-text-3\"><b>PO\u0141O\u017bENIE<\/b>\n                  <\/h3>\n                  <p class=\"u-text u-text-custom-color-2 u-text-4\"> Na kraw\u0119dzi u Roztocza Wschodniego oraz Roztocza\u0144skiego Parku Narodowego w miejscowo\u015bci P\u0142az\u00f3w.<\/p>\n                <\/div>\n              <\/div>\n              <div class=\"u-align-center u-container-style u-layout-cell u-right-cell u-size-20 u-layout-cell-3\">\n                <div class=\"u-container-layout u-container-layout-3\"><span class=\"u-file-icon u-grey-80 u-icon u-icon-circle u-icon-3\"><img decoding=\"async\" src=\"https:\/\/plazowka.theworkssalon.ie\/wp-content\/uploads\/2023\/06\/2997051-004b5b3e-1.png\" alt=\"\"><\/span>\n                  <h3 class=\"u-custom-font u-font-raleway u-text u-text-5\"><b>SPOK\u00d3J I HARMONIA<\/b>\n                  <\/h3>\n                  <p class=\"u-text u-text-custom-color-2 u-text-6\"> Najbardziej nas\u0142oneczniony region w Polsce s\u0142yn\u0105cy z dziewiczej przyrody, czystego<br>powietrza, krystalicznej wody i zapieraj\u0105cych dech w piersiach widok\u00f3w. \n                  <\/p>\n                <\/div>\n              <\/div>\n            <\/div>\n          <\/div>\n        <\/div>\n      <\/div>\n    <\/section>\n    <section class=\"u-clearfix u-section-4\" id=\"sec-6fff\">\n      <div class=\"u-clearfix u-sheet u-sheet-1\">\n        <img decoding=\"async\" class=\"u-expanded-width-xs u-image u-image-default u-image-1\" src=\"https:\/\/plazowka.theworkssalon.ie\/wp-content\/uploads\/2023\/06\/551a99402866932054c1cbf3ac3725362301ee4fce1b1c625c1ddee8da4b2d3a36e8dcef926fbff4df422f78bbe455a81d7119292e00c7019af24d_1280-1.jpg\" alt=\"\" data-image-width=\"1280\" data-image-height=\"720\">\n        <h3 class=\"u-text u-text-1\"><b>O&nbsp;<\/b><b>NAS<\/b><b><\/b>\n        <\/h3>\n        <p class=\"u-text u-text-2\"> Dwa wyj\u0105tkowe domki w lesie, gdzie natura sama przedostaje si\u0119 do wn\u0119trza.\u200b Z dala od zgie\u0142ku, blisko natury, otoczony cisz\u0105 i spokojem. Po\u0142o\u017cone na samym skraju Roztocza Wschodniego oraz Roztocza\u0144skiego Parku Narodowego nazywanego krain\u0105 jod\u0142y, buka i konika polnego.&nbsp;Domki wykonane s\u0105 z drewna opalanego tradycyjn\u0105 japo\u0144sk\u0105 technik\u0105 Shou Shugi Ban, dzi\u0119ki czemu wyr\u00f3\u017cniaj\u0105 si\u0119 oryginalnym i szlachetnym wygl\u0105dem. To malownicze miejsce i domki o wysokim standardzie dadz\u0105 Ci upragniony odpoczynek i skradn\u0105 Twoje serce.&nbsp;<\/p>\n        <div class=\"u-clearfix u-expanded-width-lg u-expanded-width-md u-expanded-width-sm u-expanded-width-xs u-gutter-10 u-layout-wrap u-layout-wrap-1\">\n          <div class=\"u-gutter-0 u-layout\">\n            <div class=\"u-layout-row\" style=\"\">\n              <div class=\"u-size-30-lg u-size-30-sm u-size-30-xl u-size-30-xs u-size-60-md\" style=\"\">\n                <div class=\"u-layout-row\" style=\"\">\n                  <div class=\"u-align-left u-container-style u-hidden-xs u-image u-layout-cell u-left-cell u-size-60 u-image-2\" src=\"\" data-image-width=\"667\" data-image-height=\"1000\" style=\"background-image: url(&quot;https:\/\/plazowka.theworkssalon.ie\/wp-content\/uploads\/2023\/06\/image00013-1.jpeg&quot;);\">\n                    <div class=\"u-container-layout u-container-layout-1\" src=\"\"><\/div>\n                  <\/div>\n                <\/div>\n              <\/div>\n              <div class=\"u-size-30-lg u-size-30-sm u-size-30-xl u-size-30-xs u-size-60-md\" style=\"\">\n                <div class=\"u-layout-col\" style=\"\">\n                  <div class=\"u-align-left u-container-style u-layout-cell u-right-cell u-size-60 u-white u-layout-cell-2\">\n                    <div class=\"u-container-layout u-container-layout-2\">\n                      <h3 class=\"u-text u-text-3\"> OFERTA<\/h3>\n                      <p class=\"u-text u-text-4\"> Je\u017celi szukasz ucieczki od miejskiego zgie\u0142ku i chcesz zbli\u017cy\u0107 si\u0119 do natury, to nasze domki w lesie s\u0105 w\u0142a\u015bnie dla Ciebie! Nasze domki po\u0142o\u017cone s\u0105 w pi\u0119knej okolicy w otoczeniu las\u00f3w i \u0142\u0105k. Domki s\u0105 doskonale wyposa\u017cone, aby zapewni\u0107 Ci komfort i wygod\u0119. Mo\u017cesz sp\u0119dzi\u0107 czas na cieszeniu si\u0119 pi\u0119knem i spokojem przyrody, grilowaniu lub wsp\u00f3lnym czasem z przyjaci\u00f3\u0142mi. Dodatkowo, mo\u017cesz skorzysta\u0107 z pobliskich atrakcji, takich jak jazda na rowerze, w\u0119dr\u00f3wki po lesie czy kajakarstwo.<\/p>\n                    <\/div>\n                  <\/div>\n                <\/div>\n              <\/div>\n            <\/div>\n          <\/div>\n        <\/div>\n        <img decoding=\"async\" class=\"u-expanded-width-xs u-image u-image-default u-image-3\" src=\"https:\/\/plazowka.theworkssalon.ie\/wp-content\/uploads\/2023\/06\/image00013-1.jpeg\" alt=\"\" data-image-width=\"667\" data-image-height=\"1000\">\n      <\/div>\n    <\/section>\n    <section class=\"u-align-center u-clearfix u-section-5\" id=\"sec-f46c\">\n      <div class=\"u-clearfix u-sheet u-sheet-1\">\n        <div class=\"u-clearfix u-gutter-10 u-layout-wrap u-layout-wrap-1\">\n          <div class=\"u-gutter-0 u-layout\">\n            <div class=\"u-layout-row\">\n              <div class=\"u-size-30\">\n                <div class=\"u-layout-col\">\n                  <div class=\"u-align-left u-container-style u-layout-cell u-left-cell u-size-60 u-layout-cell-1\">\n                    <div class=\"u-container-layout u-container-layout-1\">\n                      <img decoding=\"async\" class=\"u-image u-image-circle u-image-contain u-preserve-proportions u-image-1\" src=\"https:\/\/plazowka.theworkssalon.ie\/wp-content\/uploads\/2023\/10\/Czarny_alfa.png\" alt=\"\" data-image-width=\"554\" data-image-height=\"554\">\n                      <h3 class=\"u-text u-text-default u-text-1\">&nbsp;Roztocze - Domki w Lesie <\/h3>\n                      <p class=\"u-text u-text-2\"><span class=\"u-file-icon u-icon\"><img decoding=\"async\" src=\"https:\/\/plazowka.theworkssalon.ie\/wp-content\/uploads\/2024\/08\/1009850.png\" alt=\"\"><\/span>&nbsp;Adres :\n                      <\/p>\n                      <p class=\"u-text u-text-3\"> Kopernika 19 , 37-614 P\u0142az\u00f3w<\/p>\n                      <a href=\"https:\/\/nicepage.com\/k\/home-improvement-website-templates\" class=\"u-active-none u-bottom-left-radius-0 u-bottom-right-radius-0 u-btn u-btn-rectangle u-button-style u-hover-none u-none u-radius-0 u-top-left-radius-0 u-top-right-radius-0 u-btn-1\"><span class=\"u-icon\"><svg class=\"u-svg-content\" viewBox=\"0 0 405.333 405.333\" x=\"0px\" y=\"0px\" style=\"width: 1em; height: 1em;\"><path d=\"M373.333,266.88c-25.003,0-49.493-3.904-72.704-11.563c-11.328-3.904-24.192-0.896-31.637,6.699l-46.016,34.752    c-52.8-28.181-86.592-61.952-114.389-114.368l33.813-44.928c8.512-8.512,11.563-20.971,7.915-32.64    C142.592,81.472,138.667,56.96,138.667,32c0-17.643-14.357-32-32-32H32C14.357,0,0,14.357,0,32    c0,205.845,167.488,373.333,373.333,373.333c17.643,0,32-14.357,32-32V298.88C405.333,281.237,390.976,266.88,373.333,266.88z\"><\/path><\/svg><img><\/span>&nbsp;Telefon:\n                      <\/a>\n                      <p class=\"u-text u-text-4\"> 667 347 311<br>668 499 917\n                      <\/p><span class=\"u-file-icon u-icon u-icon-3\"><img decoding=\"async\" src=\"https:\/\/plazowka.theworkssalon.ie\/wp-content\/uploads\/2024\/08\/2669912.png\" alt=\"\"><\/span>\n                      <p class=\"u-text u-text-5\"> roztocze.plazowka@gmail.com<\/p>\n                    <\/div>\n                  <\/div>\n                <\/div>\n              <\/div>\n              <div class=\"u-size-30\">\n                <div class=\"u-layout-col\">\n                  <div class=\"u-align-left u-container-style u-layout-cell u-right-cell u-size-60 u-layout-cell-2\">\n                    <div class=\"u-container-layout u-container-layout-2\">\n                      <div class=\"u-expanded u-grey-light-2 u-map\">\n                        <div class=\"embed-responsive\">\n                          <iframe class=\"embed-responsive-item\" src=\"https:\/\/www.google.com\/maps\/embed?pb=!1m14!1m8!1m3!1d1273.6557622149637!2d23.255676152414686!3d50.32343900323374!3m2!1i1024!2i768!4f13.1!3m3!1m2!1s0x473b5556c4ee9413%3A0x16aee50a839bae13!2sP%C5%82az%C3%B3wka%20Roztocze%20%7C%20Domki%20w%20Lesie!5e0!3m2!1sen!2sus!4v1724695403297!5m2!1sen!2sus\" data-map=\"JTdCJTIycG9zaXRpb25UeXBlJTIyJTNBJTIybWFwLWVtYmVkJTIyJTJDJTIyYWRkcmVzcyUyMiUzQSUyMk1hbmhhdHRhbiUyQyUyME5ldyUyMFlvcmslMjIlMkMlMjJ6b29tJTIyJTNBMTAlMkMlMjJ0eXBlSWQlMjIlM0ElMjJyb2FkJTIyJTJDJTIybGFuZyUyMiUzQSUyMiUyMiUyQyUyMmFwaUtleSUyMiUzQSUyMjUwJUMyJUIwMTknMDUuOCU1QyUyMk4lMjAyMyVDMiVCMDE0JzMyLjklNUMlMjJFJTJDJTIwMzctNjE0JTIwUCVDNSU4MmF6JUMzJUIzdyUyMiUyQyUyMmVtYmVkJTIyJTNBJTIyaHR0cHMlM0ElMkYlMkZ3d3cuZ29vZ2xlLmNvbSUyRm1hcHMlMkZlbWJlZCUzRnBiJTNEITFtMTQhMW04ITFtMyExZDEyNzMuNjU1NzYyMjE0OTYzNyEyZDIzLjI1NTY3NjE1MjQxNDY4NiEzZDUwLjMyMzQzOTAwMzIzMzc0ITNtMiExaTEwMjQhMmk3NjghNGYxMy4xITNtMyExbTIhMXMweDQ3M2I1NTU2YzRlZTk0MTMlMjUzQTB4MTZhZWU1MGE4MzliYWUxMyEyc1AlMjVDNSUyNTgyYXolMjVDMyUyNUIzd2thJTI1MjBSb3p0b2N6ZSUyNTIwJTI1N0MlMjUyMERvbWtpJTI1MjB3JTI1MjBMZXNpZSE1ZTAhM20yITFzZW4hMnN1cyE0djE3MjQ2OTU0MDMyOTchNW0yITFzZW4hMnN1cyUyMiU3RA==\"><\/iframe>\n                        <\/div>\n                      <\/div>\n                    <\/div>\n                  <\/div>\n                <\/div>\n              <\/div>\n            <\/div>\n          <\/div>\n        <\/div>\n      <\/div>\n    <\/section>\n    \n    \n    \n  \n","protected":false},"excerpt":{"rendered":"<p>Domki w lesie na Roztoczu Prawdziwy wypoczynek w otoczeniu natury KOMFORT Do dyspozycji mamy dwa domki o wysokim standardzie w pe\u0142ni wyposa\u017cone oraz stref\u0119 relaksu z saun\u0105 i bali\u0105. PO\u0141O\u017bENIE Na kraw\u0119dzi u Roztocza Wschodniego oraz Roztocza\u0144skiego Parku Narodowego w miejscowo\u015bci P\u0142az\u00f3w. SPOK\u00d3J I HARMONIA Najbardziej nas\u0142oneczniony region w Polsce s\u0142yn\u0105cy z dziewiczej przyrody, czystegopowietrza, &hellip; <a href=\"https:\/\/plazowka.theworkssalon.ie\/\" class=\"more-link\">Continue reading<span class=\"screen-reader-text\"> &#8222;Strona g\u0142\u00f3wna&#8221;<\/span><\/a><\/p>\n","protected":false},"author":1,"featured_media":0,"parent":0,"menu_order":3,"comment_status":"closed","ping_status":"closed","template":"","meta":{"footnotes":""},"class_list":["post-1221","page","type-page","status-publish","hentry"],"_links":{"self":[{"href":"https:\/\/plazowka.theworkssalon.ie\/index.php?rest_route=\/wp\/v2\/pages\/1221"}],"collection":[{"href":"https:\/\/plazowka.theworkssalon.ie\/index.php?rest_route=\/wp\/v2\/pages"}],"about":[{"href":"https:\/\/plazowka.theworkssalon.ie\/index.php?rest_route=\/wp\/v2\/types\/page"}],"author":[{"embeddable":true,"href":"https:\/\/plazowka.theworkssalon.ie\/index.php?rest_route=\/wp\/v2\/users\/1"}],"replies":[{"embeddable":true,"href":"https:\/\/plazowka.theworkssalon.ie\/index.php?rest_route=%2Fwp%2Fv2%2Fcomments&post=1221"}],"version-history":[{"count":8,"href":"https:\/\/plazowka.theworkssalon.ie\/index.php?rest_route=\/wp\/v2\/pages\/1221\/revisions"}],"predecessor-version":[{"id":1926,"href":"https:\/\/plazowka.theworkssalon.ie\/index.php?rest_route=\/wp\/v2\/pages\/1221\/revisions\/1926"}],"wp:attachment":[{"href":"https:\/\/plazowka.theworkssalon.ie\/index.php?rest_route=%2Fwp%2Fv2%2Fmedia&parent=1221"}],"curies":[{"name":"wp","href":"https:\/\/api.w.org\/{rel}","templated":true}]}}