{"id":1878,"date":"2023-10-21T11:57:46","date_gmt":"2023-10-21T09:57:46","guid":{"rendered":"https:\/\/plazowka.theworkssalon.ie\/?page_id=1878"},"modified":"2023-10-21T11:57:53","modified_gmt":"2023-10-21T09:57:53","slug":"atrakcje-20","status":"publish","type":"page","link":"https:\/\/plazowka.theworkssalon.ie\/?page_id=1878","title":{"rendered":"Atrakcje"},"content":{"rendered":"\n  \n    <section class=\"u-align-center u-clearfix u-section-1\" id=\"sec-f4e2\">\n      <div class=\"u-clearfix u-sheet u-valign-middle u-sheet-1\">\n        <h1 class=\"u-text u-text-default u-text-1\">Atrakcje<\/h1>\n      <\/div>\n    <\/section>\n    <section class=\"u-clearfix u-section-2\" id=\"sec-ef91\">\n      <div class=\"u-clearfix u-sheet u-sheet-1\">\n        <div class=\"u-clearfix u-expanded-width u-gutter-0 u-layout-wrap u-layout-wrap-1\">\n          <div class=\"u-layout\" style=\"\">\n            <div class=\"u-layout-row\" style=\"\">\n              <div class=\"u-align-center u-container-style u-layout-cell u-left-cell u-shape-rectangle u-size-30 u-size-xs-60 u-layout-cell-1\" src=\"\">\n                <div class=\"u-container-layout u-valign-top-lg u-valign-top-md u-valign-top-sm u-valign-top-xl u-container-layout-1\">\n                  <p class=\"u-align-left u-text u-text-1\">\n                    <span style=\"font-weight: 700;\"> SZUMY NAD TANWI\u0104 - 13KM<\/span>\n                    <br>Niewielkie i urodziwe wodospady zwane lokalnymi szumami powsta\u0142y ju\u017c w trzydziestoleciu. W pobli\u017cu nich rozci\u0105ga si\u0119 szlak zwany szlakiem szum\u00f3w uznawany za jeden z najpi\u0119kniejszych szlak\u00f3w na Roztoczu.\n                  <\/p>\n                <\/div>\n              <\/div>\n              <div class=\"u-align-center u-container-style u-image u-layout-cell u-right-cell u-size-30 u-size-xs-60 u-image-1\" src=\"\" data-image-width=\"961\" data-image-height=\"668\" style=\"background-image: url(&quot;https:\/\/plazowka.theworkssalon.ie\/wp-content\/uploads\/2023\/10\/szumya.jpg&quot;);\">\n                <div class=\"u-container-layout u-valign-middle u-container-layout-2\" src=\"\"><\/div>\n              <\/div>\n            <\/div>\n          <\/div>\n        <\/div>\n        <img decoding=\"async\" class=\"u-expanded-width-xs u-image u-image-default u-image-2\" src=\"https:\/\/plazowka.theworkssalon.ie\/wp-content\/uploads\/2023\/10\/c7e1f86832ebbc65d8c9562e802a607d5f8624ff74b4fa255c1c1db01f20b6352e418d2edd34fc1d6f88fb31a3d41e1bbb06f9f33f65c405d979e0_1280.jpg\" alt=\"\" data-image-width=\"1280\" data-image-height=\"853\">\n        <p class=\"u-align-left u-text u-text-2\">\n          <span style=\"font-weight: 700;\"> SP\u0141YWY KAJAKOWE NA TANWI<\/span>\n          <br>Podczas sp\u0142ywu kajakowego po Tanwi mo\u017cesz odpocz\u0105\u0107, rozkoszuj\u0105c si\u0119 pi\u0119kn\u0105 okolic\u0105 i krajobrazem. Ponadto je\u015bli jeste\u015b mi\u0142o\u015bnikiem w\u0119dkarstwa mo\u017cesz ze sob\u0105 zabra\u0107 sw\u00f3j sprz\u0119t.\n        <\/p>\n        <img decoding=\"async\" class=\"u-image u-image-default u-image-3\" src=\"https:\/\/plazowka.theworkssalon.ie\/wp-content\/uploads\/2023\/10\/c50f32aabacb9b287952e303bee18e9b20dccfeb5e091df33058f73274cbb79d4beda7aade9466b3ad7e713a217c155b18ccccf9c184874ca2b266_1280.jpg\" alt=\"\" data-image-width=\"1280\" data-image-height=\"853\">\n        <p class=\"u-align-left u-text u-text-3\">\n          <span style=\"font-weight: 700;\"> LE\u015aNE TRASY ROWEROWE<\/span>\n          <br>Roztocza\u0144ski Szlak Rowerowy da Ci widok zapieraj\u0105cy dech w piersiach podczas jazdy rowerowej. Pola, lasy i malownicze wioski to b\u0119dziesz mija\u0107 na swojej trasie.<br>A je\u015bli jeste\u015b fanem d\u0142ugich tras to najd\u0142u\u017csz\u0105 tras\u0105 rowerow\u0105 na Roztoczu jest Centralny Szlak Rowerowy Roztocza. Ci\u0105gnie si\u0119 on od Kra\u015bnika a\u017c do Lwowa na Ukrainie. W Polsce mierzy blisko 190 km.\n        <\/p>\n        <img decoding=\"async\" class=\"u-image u-image-default u-image-4\" src=\"https:\/\/plazowka.theworkssalon.ie\/wp-content\/uploads\/2023\/10\/palac.jpg\" alt=\"\" data-image-width=\"278\" data-image-height=\"181\">\n        <p class=\"u-align-left u-text u-text-4\">\n          <span style=\"font-weight: 700;\"> PA\u0141AC \u0141OSI\u00d3W W NAROLU 9KM<\/span>\n          <br>Pa\u0142ac w stylu barokowym z ogrodem tarasowym w stylu francuskim. B\u0119dziesz mia\u0142 mo\u017cliwo\u015b\u0107 zobaczenia bogatych zbior\u00f3w artystycznych i historycznych.\n        <\/p>\n        <img decoding=\"async\" class=\"u-image u-image-default u-image-5\" src=\"https:\/\/plazowka.theworkssalon.ie\/wp-content\/uploads\/2023\/10\/Linia_Mootowa_Bunkier.jpg\" alt=\"\" data-image-width=\"650\" data-image-height=\"433\">\n        <p class=\"u-align-left u-text u-text-5\">\n          <span style=\"font-weight: 700;\"> BUNKRY LINII MO\u0141OTOWA<\/span>\n          <br>Mo\u017cesz przenie\u015b\u0107 si\u0119 w historii i na w\u0142asne oczy zobaczy\u0107 rosyjskie umocnienia, kt\u00f3re powsta\u0142y na terenie Polski w latach 1940-1941.\n        <\/p>\n        <img decoding=\"async\" class=\"u-image u-image-default u-image-6\" src=\"https:\/\/plazowka.theworkssalon.ie\/wp-content\/uploads\/2023\/10\/czerwone.jpg\" alt=\"\" data-image-width=\"275\" data-image-height=\"184\">\n        <p class=\"u-align-left u-text u-text-6\">\n          <span style=\"font-weight: 700;\"> REZERWAT CZARTOWE POLE<\/span>\n          <br>Jedna z najpi\u0119kniejszych atrakcji Roztocza. Masz do wyboru dwie trasy - g\u00f3r\u0105 doliny rzeki Sopot prowadz\u0105c\u0105 przez malownicze lasy oraz doln\u0105, na kt\u00f3rej znajduj\u0105 si\u0119 liczne schodki, pomosty oraz drewniane mostki.\n        <\/p>\n        <img decoding=\"async\" class=\"u-image u-image-default u-preserve-proportions u-image-7\" src=\"https:\/\/plazowka.theworkssalon.ie\/wp-content\/uploads\/2023\/10\/ah.png\" alt=\"\" data-image-width=\"1075\" data-image-height=\"638\">\n        <p class=\"u-align-left u-text u-text-7\">\n          <span style=\"font-weight: 700;\"> WIE\u017bA WIDOKOWA W SU\u015aCU<\/span>\n          <br>Wie\u017ca o wysoko\u015bci 12m powsta\u0142a w roku 2013 zachwycaj\u0105c pi\u0119knym widokiem na roztocza\u0144skie pola oraz Puszcz\u0119 Solsk\u0105.&nbsp;\n        <\/p>\n        <img decoding=\"async\" class=\"u-image u-image-default u-image-8\" src=\"https:\/\/plazowka.theworkssalon.ie\/wp-content\/uploads\/2023\/10\/browa.jpg\" alt=\"\" data-image-width=\"1920\" data-image-height=\"1280\">\n        <p class=\"u-align-left u-text u-text-8\">\n          <span style=\"font-weight: 700;\"> BROWAR W ZWIERZY\u0143CU<\/span>\n          <br>Tu mo\u017cesz skosztowa\u0107 pysznego, lokalnego piwa, i pozna\u0107 histori\u0119 browaru i piwa wa\u017conego metod\u0105 angielsk\u0105. Latem tak\u017ce mo\u017cesz skorzysta\u0107 z kina plenerowego.\n        <\/p>\n        <img decoding=\"async\" class=\"u-image u-image-default u-image-9\" src=\"https:\/\/plazowka.theworkssalon.ie\/wp-content\/uploads\/2023\/10\/stawyecho.jpg\" alt=\"\" data-image-width=\"1920\" data-image-height=\"1081\">\n        <p class=\"u-align-left u-text u-text-9\">\n          <span style=\"font-weight: 700;\"> STAWY ECHO W ZWIERZY\u0143CU<\/span>\n          <br>Zesp\u00f3\u0142 9 zbiornik\u00f3w wodnych z szerok\u0105 piaszczyst\u0105 pla\u017c\u0105. To jedno z najpi\u0119kniejszych roztocza\u0144skich k\u0105pielisk.\n        <\/p>\n        <img decoding=\"async\" class=\"u-image u-image-default u-image-10\" src=\"https:\/\/plazowka.theworkssalon.ie\/wp-content\/uploads\/2023\/10\/zagroda.jpg\" alt=\"\" data-image-width=\"800\" data-image-height=\"533\">\n        <p class=\"u-align-left u-text u-text-10\">\n          <span style=\"font-weight: 700;\"> ZAGRODA GUCI\u00d3W W GUCIOWIE<\/span>\n          <br>Ta drewniana, klimatyczna cha\u0142upa to zarazem muzeum, karczma jak i wystawa meteoryt\u00f3w. Znajdziesz tu naprawd\u0119 smaczne jedzenie i oryginalne wyposa\u017cenie.\n        <\/p>\n      <\/div>\n    <\/section>\n    \n    \n    \n    \n  \n","protected":false},"excerpt":{"rendered":"<p>Atrakcje SZUMY NAD TANWI\u0104 &#8211; 13KM Niewielkie i urodziwe wodospady zwane lokalnymi szumami powsta\u0142y ju\u017c w trzydziestoleciu. W pobli\u017cu nich rozci\u0105ga si\u0119 szlak zwany szlakiem szum\u00f3w uznawany za jeden z najpi\u0119kniejszych szlak\u00f3w na Roztoczu. SP\u0141YWY KAJAKOWE NA TANWI Podczas sp\u0142ywu kajakowego po Tanwi mo\u017cesz odpocz\u0105\u0107, rozkoszuj\u0105c si\u0119 pi\u0119kn\u0105 okolic\u0105 i krajobrazem. Ponadto je\u015bli jeste\u015b mi\u0142o\u015bnikiem &hellip; <a href=\"https:\/\/plazowka.theworkssalon.ie\/?page_id=1878\" class=\"more-link\">Continue reading<span class=\"screen-reader-text\"> &#8222;Atrakcje&#8221;<\/span><\/a><\/p>\n","protected":false},"author":1,"featured_media":0,"parent":0,"menu_order":1,"comment_status":"closed","ping_status":"closed","template":"","meta":{"footnotes":""},"class_list":["post-1878","page","type-page","status-publish","hentry"],"_links":{"self":[{"href":"https:\/\/plazowka.theworkssalon.ie\/index.php?rest_route=\/wp\/v2\/pages\/1878"}],"collection":[{"href":"https:\/\/plazowka.theworkssalon.ie\/index.php?rest_route=\/wp\/v2\/pages"}],"about":[{"href":"https:\/\/plazowka.theworkssalon.ie\/index.php?rest_route=\/wp\/v2\/types\/page"}],"author":[{"embeddable":true,"href":"https:\/\/plazowka.theworkssalon.ie\/index.php?rest_route=\/wp\/v2\/users\/1"}],"replies":[{"embeddable":true,"href":"https:\/\/plazowka.theworkssalon.ie\/index.php?rest_route=%2Fwp%2Fv2%2Fcomments&post=1878"}],"version-history":[{"count":1,"href":"https:\/\/plazowka.theworkssalon.ie\/index.php?rest_route=\/wp\/v2\/pages\/1878\/revisions"}],"predecessor-version":[{"id":1891,"href":"https:\/\/plazowka.theworkssalon.ie\/index.php?rest_route=\/wp\/v2\/pages\/1878\/revisions\/1891"}],"wp:attachment":[{"href":"https:\/\/plazowka.theworkssalon.ie\/index.php?rest_route=%2Fwp%2Fv2%2Fmedia&parent=1878"}],"curies":[{"name":"wp","href":"https:\/\/api.w.org\/{rel}","templated":true}]}}