{"id":1882,"date":"2023-10-21T11:57:50","date_gmt":"2023-10-21T09:57:50","guid":{"rendered":"https:\/\/plazowka.theworkssalon.ie\/?page_id=1882"},"modified":"2023-10-21T11:57:54","modified_gmt":"2023-10-21T09:57:54","slug":"o-nas-20","status":"publish","type":"page","link":"https:\/\/plazowka.theworkssalon.ie\/?page_id=1882","title":{"rendered":"O nas"},"content":{"rendered":"\n  \n    <section class=\"u-clearfix u-section-1\" id=\"sec-8799\">\n      <div class=\"u-clearfix u-sheet u-sheet-1\">\n        <div class=\"u-clearfix u-expanded-width u-gutter-0 u-layout-wrap u-layout-wrap-1\">\n          <div class=\"u-layout\" style=\"\">\n            <div class=\"u-layout-row\" style=\"\">\n              <div class=\"u-align-center u-container-style u-layout-cell u-left-cell u-size-30 u-size-xs-60 u-white u-layout-cell-1\" src=\"\">\n                <div class=\"u-container-layout u-container-layout-1\">\n                  <h2 class=\"u-align-left u-text u-text-default u-text-1\"> P\u0142az\u00f3wka Roztocze<\/h2>\n                  <p class=\"u-align-left u-text u-text-2\"> Wyj\u0105tkowe domki w lesie rytmie SLOW na Roztoczu.<br>Z dala od zgie\u0142ku, blisko natury, otoczeni cisz\u0105 i spokojem. Oryginalna elewacja wykonana technik\u0105 opalanego drewna&nbsp;<br>(Shou Sugi Ban) tworzy ciekaw\u0105 architektur\u0119, a du\u017ce przeszklenia sprawiaj\u0105, \u017ce natura sama przedostaje si\u0119 do wn\u0119trza. Aran\u017cacja wn\u0119trza tworzy poczucie odpoczynku w wysokim standardzie. Kolory naturalnego drewna. Widok na las z witryn okiennych. Wanna z widokiem na las.\n                  <\/p>\n                <\/div>\n              <\/div>\n              <div class=\"u-align-center u-container-style u-image u-layout-cell u-right-cell u-size-30 u-size-xs-60 u-image-1\" src=\"\" data-image-width=\"1280\" data-image-height=\"790\" style=\"background-image: url(&quot;https:\/\/plazowka.theworkssalon.ie\/wp-content\/uploads\/2023\/10\/46831dc57687e0d15d7ccaf59d3cdc7a13f3e3fc6875fa43f21e6a8913ef39d5a3af80d5ecc2c9042321da48d665f2b62c22fd0e4409ed89c2ea0f_1280.jpg&quot;);\">\n                <div class=\"u-container-layout u-valign-middle u-container-layout-2\" src=\"\"><\/div>\n              <\/div>\n            <\/div>\n          <\/div>\n        <\/div>\n        <img decoding=\"async\" class=\"u-expanded-width-xs u-image u-image-default u-image-2\" src=\"https:\/\/plazowka.theworkssalon.ie\/wp-content\/uploads\/2023\/10\/c5ce1ae6e031b5ac52bb8962d84c9d05687b7b172381dbf73c9adcceb7a9d1603ef858b46d1048010d5165c9b96d88c162788288122d07063c8cd2_1280.jpg\" alt=\"\" data-image-width=\"1280\" data-image-height=\"853\">\n        <p class=\"u-text u-text-3\"> Nasze domki po\u0142o\u017cone s\u0105 na kraw\u0119dzi Roztocza Wschodniego oraz Roztocza\u0144skiego Parku Narodowego - kraina jod\u0142y, buka i konika polskiego. To malownicze wsie i miasteczka z ciekaw\u0105 histori\u0105 i licznymi atrakcjami. Idealne miejsce na wyprawy rowerowe (szlaki rowerowe) - raj dla rowerzyst\u00f3w, sp\u0142ywy kajakowe (mo\u017cna sp\u0142ywa\u0107 kilkoma rzekami: rzek\u0105 Wieprz, Tanew, \u0141ada czy Bukowa). Wycieczki krajoznawcze, piesze w\u0119dr\u00f3wki, oraz zwiedzanie mn\u00f3stwo atrakcji w bliskiej lokalizacji. Magiczne tereny le\u015bne (zapach lasu).<\/p>\n        <img decoding=\"async\" class=\"u-image u-image-default u-image-3\" src=\"https:\/\/plazowka.theworkssalon.ie\/wp-content\/uploads\/2023\/10\/60dfb1885d5201275e17baee3c5e205ddd2a783f6bd6e7cc75087035a4477f713f9b31de501d34f8fb04bf473a397dbb7368dce1f66df7abb54e87_1280.jpg\" alt=\"\" data-image-width=\"1280\" data-image-height=\"819\">\n        <p class=\"u-text u-text-4\">\n          <span style=\"background-color: #ffffff; font-family: 'Open Sans',sans-serif; font-size: 1rem;\">\n            <span style=\"color: #111111;\"><\/span>\n            <span style=\"font-weight: 700;\">Dlaczego lokalizacja?<\/span>\n          <\/span>\n          <span style=\"font-weight: 700;\">\n            <span style=\"background-color: #ffffff; font-family: 'Open Sans',sans-serif; font-size: 1rem;\"><\/span>\n            <br>\n          <\/span>P\u0142az\u00f3w jest najlepszym wyborem?&nbsp;<br>Najbardziej nas\u0142oneczniony region w Polsce s\u0142yn\u0105cy z dziewiczej przyrody, czystego powietrza, krystalicznej wody i zapieraj\u0105cych dech w piersiach widok\u00f3w, od kt\u00f3rych trudno oderwa\u0107 wzrok okrzykni\u0119ty polsk\u0105 Toskani\u0105.\n        <\/p>\n      <\/div>\n    <\/section>\n    \n    \n    \n    \n  \n","protected":false},"excerpt":{"rendered":"<p>P\u0142az\u00f3wka Roztocze Wyj\u0105tkowe domki w lesie rytmie SLOW na Roztoczu.Z dala od zgie\u0142ku, blisko natury, otoczeni cisz\u0105 i spokojem. Oryginalna elewacja wykonana technik\u0105 opalanego drewna&nbsp;(Shou Sugi Ban) tworzy ciekaw\u0105 architektur\u0119, a du\u017ce przeszklenia sprawiaj\u0105, \u017ce natura sama przedostaje si\u0119 do wn\u0119trza. Aran\u017cacja wn\u0119trza tworzy poczucie odpoczynku w wysokim standardzie. Kolory naturalnego drewna. Widok na las &hellip; <a href=\"https:\/\/plazowka.theworkssalon.ie\/?page_id=1882\" class=\"more-link\">Continue reading<span class=\"screen-reader-text\"> &#8222;O nas&#8221;<\/span><\/a><\/p>\n","protected":false},"author":1,"featured_media":0,"parent":0,"menu_order":5,"comment_status":"closed","ping_status":"closed","template":"","meta":{"footnotes":""},"class_list":["post-1882","page","type-page","status-publish","hentry"],"_links":{"self":[{"href":"https:\/\/plazowka.theworkssalon.ie\/index.php?rest_route=\/wp\/v2\/pages\/1882"}],"collection":[{"href":"https:\/\/plazowka.theworkssalon.ie\/index.php?rest_route=\/wp\/v2\/pages"}],"about":[{"href":"https:\/\/plazowka.theworkssalon.ie\/index.php?rest_route=\/wp\/v2\/types\/page"}],"author":[{"embeddable":true,"href":"https:\/\/plazowka.theworkssalon.ie\/index.php?rest_route=\/wp\/v2\/users\/1"}],"replies":[{"embeddable":true,"href":"https:\/\/plazowka.theworkssalon.ie\/index.php?rest_route=%2Fwp%2Fv2%2Fcomments&post=1882"}],"version-history":[{"count":1,"href":"https:\/\/plazowka.theworkssalon.ie\/index.php?rest_route=\/wp\/v2\/pages\/1882\/revisions"}],"predecessor-version":[{"id":1895,"href":"https:\/\/plazowka.theworkssalon.ie\/index.php?rest_route=\/wp\/v2\/pages\/1882\/revisions\/1895"}],"wp:attachment":[{"href":"https:\/\/plazowka.theworkssalon.ie\/index.php?rest_route=%2Fwp%2Fv2%2Fmedia&parent=1882"}],"curies":[{"name":"wp","href":"https:\/\/api.w.org\/{rel}","templated":true}]}}